{"id":232249,"date":"2024-04-21T19:11:46","date_gmt":"2024-04-21T19:11:46","guid":{"rendered":"https:\/\/devomech.com\/zertifizierungen\/iso-270012013-zertifiziert\/"},"modified":"2024-08-02T20:13:03","modified_gmt":"2024-08-02T20:13:03","slug":"iso-270012013-zertifiziert","status":"publish","type":"page","link":"https:\/\/devomech.com\/de\/zertifizierungen\/iso-270012013-zertifiziert\/","title":{"rendered":"ISO 27001:2013 zertifiziert"},"content":{"rendered":"<p>[et_pb_section fb_built=&#8220;1&#8243; admin_label=&#8220;Hero Section&#8220; _builder_version=&#8220;4.25.1&#8243; _module_preset=&#8220;default&#8220; background_image=&#8220;https:\/\/devomech.com\/wp-content\/uploads\/2024\/04\/iso-cvr.png&#8220; background_enable_video_mp4=&#8220;off&#8220; width=&#8220;100%&#8220; max_width=&#8220;1920px&#8220; module_alignment=&#8220;center&#8220; height=&#8220;500px&#8220; height_tablet=&#8220;500px&#8220; height_phone=&#8220;500px&#8220; height_last_edited=&#8220;on|desktop&#8220; custom_padding=&#8220;||||true|false&#8220; custom_css_before=&#8220; content:%22%22;||    display: block;||    position: absolute;||    top: 0;||    left: 0;||    width: 100%;||    height: 100%;||    background-color:background: rgba(8, 35, 60, 0.63);||    z-index: 9;&#8220; custom_css_main_element=&#8220;display:flex;||flex-direction:column;&#8220; locked=&#8220;off&#8220; collapsed=&#8220;off&#8220; global_colors_info=&#8220;{}&#8220;][et_pb_row column_structure=&#8220;1_3,2_3&#8243; use_custom_gutter=&#8220;on&#8220; make_equal=&#8220;on&#8220; module_class=&#8220;reverse&#8220; _builder_version=&#8220;4.26.0&#8243; _module_preset=&#8220;default&#8220; z_index=&#8220;10&#8243; width=&#8220;100%&#8220; max_width=&#8220;95%&#8220; global_colors_info=&#8220;{}&#8220;][et_pb_column type=&#8220;1_3&#8243; _builder_version=&#8220;4.24.2&#8243; _module_preset=&#8220;default&#8220; global_colors_info=&#8220;{}&#8220;][et_pb_image src=&#8220;https:\/\/devomech.com\/wp-content\/uploads\/2024\/04\/iso-2700-2013-p.png&#8220; title_text=&#8220;iso-2700-2013-p&#8220; align=&#8220;right&#8220; align_tablet=&#8220;center&#8220; align_phone=&#8220;center&#8220; align_last_edited=&#8220;on|tablet&#8220; _builder_version=&#8220;4.26.0&#8243; _module_preset=&#8220;default&#8220; global_colors_info=&#8220;{}&#8220;][\/et_pb_image][\/et_pb_column][et_pb_column type=&#8220;2_3&#8243; _builder_version=&#8220;4.25.1&#8243; _module_preset=&#8220;default&#8220; custom_css_main_element=&#8220;margin:auto;&#8220; global_colors_info=&#8220;{}&#8220;][et_pb_text _builder_version=&#8220;4.26.0&#8243; _module_preset=&#8220;default&#8220; text_text_color=&#8220;#FFFFFF&#8220; text_font_size=&#8220;32px&#8220; text_line_height=&#8220;130%&#8220; header_font=&#8220;Roboto|700|||||||&#8220; header_text_align=&#8220;left&#8220; header_text_color=&#8220;#FFFFFF&#8220; header_font_size=&#8220;80px&#8220; header_line_height=&#8220;100%&#8220; text_orientation=&#8220;center&#8220; custom_margin=&#8220;0px||0px||false|false&#8220; custom_padding=&#8220;||||false|false&#8220; header_text_align_tablet=&#8220;center&#8220; header_text_align_phone=&#8220;center&#8220; header_text_align_last_edited=&#8220;on|tablet&#8220; header_font_size_tablet=&#8220;50px&#8220; header_font_size_phone=&#8220;40px&#8220; header_font_size_last_edited=&#8220;on|phone&#8220; custom_css_main_element=&#8220;font-weight: 400;&#8220; global_colors_info=&#8220;{}&#8220;]<\/p>\n<h1>Wir sind jetzt ISO 27001:2013 zertifiziert<\/h1>\n<p>[\/et_pb_text][\/et_pb_column][\/et_pb_row][\/et_pb_section][et_pb_section fb_built=&#8220;1&#8243; admin_label=&#8220;Service Section&#8220; _builder_version=&#8220;4.26.0&#8243; _module_preset=&#8220;default&#8220; width=&#8220;100%&#8220; max_width=&#8220;1920px&#8220; module_alignment=&#8220;center&#8220; custom_padding=&#8220;40px||20px||false|false&#8220; locked=&#8220;off&#8220; collapsed=&#8220;off&#8220; global_colors_info=&#8220;{}&#8220;][et_pb_row _builder_version=&#8220;4.26.0&#8243; _module_preset=&#8220;default&#8220; width=&#8220;85%&#8220; max_width=&#8220;1920px&#8220; module_alignment=&#8220;center&#8220; custom_padding=&#8220;20px||20px||true|false&#8220; global_colors_info=&#8220;{}&#8220;][et_pb_column type=&#8220;4_4&#8243; _builder_version=&#8220;4.24.2&#8243; _module_preset=&#8220;default&#8220; global_colors_info=&#8220;{}&#8220;][et_pb_text _builder_version=&#8220;4.26.0&#8243; _module_preset=&#8220;default&#8220; text_font=&#8220;Roboto||||||||&#8220; text_text_color=&#8220;#2e2e2e&#8220; text_font_size=&#8220;18px&#8220; text_line_height=&#8220;133%&#8220; custom_margin=&#8220;||||false|false&#8220; custom_padding=&#8220;||||false|false&#8220; hover_enabled=&#8220;0&#8243; text_font_size_tablet=&#8220;18px&#8220; text_font_size_phone=&#8220;16px&#8220; text_font_size_last_edited=&#8220;on|phone&#8220; custom_css_main_element=&#8220;font-weight: 400;||&#8220; global_colors_info=&#8220;{}&#8220; sticky_enabled=&#8220;0&#8243;]<\/p>\n<p>Wir freuen uns, Ihnen mitteilen zu k\u00f6nnen, dass Devomech Solutions die prestigetr\u00e4chtige ISO 27001:2013-Zertifizierung erhalten hat, was unser Engagement f\u00fcr das Informationssicherheitsmanagement unterstreicht.<\/p>\n<p>Der Zertifizierungsprozess umfasste eine gr\u00fcndliche Pr\u00fcfung durch eine akkreditierte Zertifizierungsstelle, bei der unser Informationssicherheitsmanagementsystem, unsere Richtlinien, Verfahren und Kontrollen \u00fcberpr\u00fcft wurden. Wir sind stolz, Ihnen mitteilen zu k\u00f6nnen, dass sich unsere Bem\u00fchungen ausgezahlt haben und wir alle Anforderungen der Norm erfolgreich erf\u00fcllt haben, ohne dass Abweichungen festgestellt wurden.<\/p>\n<p>Die ISO 27001:2013-Zertifizierung zeigt unser Engagement f\u00fcr die Umsetzung und kontinuierliche Verbesserung unserer Informationssicherheitsmanagementpraktiken. Mit dieser Zertifizierung versichern wir unseren Kunden, dass ihre Daten bei uns sicher sind und dass wir \u00fcber die notwendigen Prozesse und Kontrollen verf\u00fcgen, um Risiken zu mindern und Sicherheitsverletzungen zu verhindern.<\/p>\n<p>Bei Devomech Solutions sind wir bestrebt, qualitativ hochwertige Dienstleistungen anzubieten und gleichzeitig ein H\u00f6chstma\u00df an Sicherheit f\u00fcr unsere Kunden zu gew\u00e4hrleisten. Unsere ISO 27001:2013-Zertifizierung ist ein Beweis f\u00fcr unser Engagement f\u00fcr Sicherheit und Qualit\u00e4t, und wir werden diesen Werten bei allem, was wir tun, weiterhin Priorit\u00e4t einr\u00e4umen.<\/p>\n<p>[\/et_pb_text][\/et_pb_column][\/et_pb_row][\/et_pb_section][et_pb_section fb_built=&#8220;1&#8243; admin_label=&#8220;Call To Action&#8220; _builder_version=&#8220;4.26.0&#8243; _module_preset=&#8220;default&#8220; width=&#8220;100%&#8220; max_width=&#8220;1920px&#8220; module_alignment=&#8220;center&#8220; custom_padding=&#8220;60px||20px||false|false&#8220; locked=&#8220;off&#8220; collapsed=&#8220;on&#8220; global_colors_info=&#8220;{}&#8220;][et_pb_row _builder_version=&#8220;4.25.1&#8243; _module_preset=&#8220;default&#8220; width=&#8220;85%&#8220; max_width=&#8220;1920px&#8220; module_alignment=&#8220;center&#8220; global_colors_info=&#8220;{}&#8220;][et_pb_column type=&#8220;4_4&#8243; _builder_version=&#8220;4.24.2&#8243; _module_preset=&#8220;default&#8220; background_color=&#8220;#07243e&#8220; custom_padding=&#8220;20px|20px|20px|20px|true|true&#8220; global_colors_info=&#8220;{}&#8220;][et_pb_cta title=&#8220;HABEN SIE FRAGEN? WIR SIND HIER, UM ZU HELFEN&#8220; button_url=&#8220;https:\/\/devomech.com\/de\/kontakt\/&#8220; button_text=&#8220;Kontakt aufnehmen&#8220; _builder_version=&#8220;4.25.1&#8243; _module_preset=&#8220;default&#8220; header_font=&#8220;Roboto|700||on|||||&#8220; header_text_color=&#8220;#07243e&#8220; header_font_size=&#8220;32px&#8220; body_font=&#8220;Roboto||||||||&#8220; body_text_color=&#8220;#07243e&#8220; body_font_size=&#8220;18px&#8220; background_color=&#8220;#f4f4f4&#8243; custom_button=&#8220;on&#8220; button_text_size=&#8220;18px&#8220; button_text_color=&#8220;#07243e&#8220; button_border_width=&#8220;1px&#8220; button_border_color=&#8220;#07243e&#8220; button_border_radius=&#8220;0px&#8220; custom_margin=&#8220;-60px||||false|false&#8220; custom_padding=&#8220;||||false|false&#8220; custom_padding_tablet=&#8220;||||false|false&#8220; custom_padding_phone=&#8220;|10px||10px|false|true&#8220; custom_padding_last_edited=&#8220;on|phone&#8220; header_font_size_tablet=&#8220;26px&#8220; header_font_size_phone=&#8220;26px&#8220; header_font_size_last_edited=&#8220;on|tablet&#8220; custom_css_main_element=&#8220;font-weight:400;&#8220; global_colors_info=&#8220;{}&#8220;]<\/p>\n<p>Sprechen Sie uns an und lassen Sie uns gemeinsam innovative L\u00f6sungen finden!<\/p>\n<p>[\/et_pb_cta][\/et_pb_column][\/et_pb_row][\/et_pb_section]<\/p>\n","protected":false},"excerpt":{"rendered":"<p>Wir sind jetzt ISO 27001:2013 zertifiziertWir freuen uns, Ihnen mitteilen zu k\u00f6nnen, dass Devomech Solutions die prestigetr\u00e4chtige ISO 27001:2013-Zertifizierung erhalten hat, was unser Engagement f\u00fcr das Informationssicherheitsmanagement unterstreicht. Der Zertifizierungsprozess umfasste eine gr\u00fcndliche Pr\u00fcfung durch eine akkreditierte Zertifizierungsstelle, bei der unser Informationssicherheitsmanagementsystem, unsere Richtlinien, Verfahren und Kontrollen \u00fcberpr\u00fcft wurden. Wir sind stolz, Ihnen mitteilen zu k\u00f6nnen, dass sich unsere Bem\u00fchungen ausgezahlt haben und wir alle Anforderungen der Norm erfolgreich erf\u00fcllt haben, ohne dass Abweichungen festgestellt wurden. Die ISO 27001:2013-Zertifizierung zeigt unser Engagement f\u00fcr die Umsetzung und kontinuierliche Verbesserung unserer Informationssicherheitsmanagementpraktiken. Mit dieser Zertifizierung versichern wir unseren Kunden, dass ihre Daten bei uns sicher sind und dass wir \u00fcber die notwendigen Prozesse und Kontrollen verf\u00fcgen, um Risiken zu mindern und Sicherheitsverletzungen zu verhindern. Bei Devomech Solutions sind wir bestrebt, qualitativ hochwertige Dienstleistungen anzubieten und gleichzeitig ein H\u00f6chstma\u00df an Sicherheit f\u00fcr unsere Kunden zu gew\u00e4hrleisten. Unsere ISO 27001:2013-Zertifizierung ist ein Beweis f\u00fcr unser Engagement f\u00fcr Sicherheit und Qualit\u00e4t, und wir werden diesen Werten bei allem, was wir tun, weiterhin Priorit\u00e4t einr\u00e4umen.Sprechen Sie uns an und lassen Sie uns gemeinsam innovative L\u00f6sungen finden!<\/p>\n","protected":false},"author":6,"featured_media":0,"parent":232148,"menu_order":0,"comment_status":"closed","ping_status":"closed","template":"","meta":{"_et_pb_use_builder":"on","_et_pb_old_content":"","_et_gb_content_width":"","footnotes":""},"class_list":["post-232249","page","type-page","status-publish","hentry"],"yoast_head":"<!-- This site is optimized with the Yoast SEO plugin v27.3 - https:\/\/yoast.com\/product\/yoast-seo-wordpress\/ -->\n<title>ISO 27001:2013 zertifiziert - Devomech Solutions<\/title>\n<meta name=\"robots\" content=\"index, follow, max-snippet:-1, max-image-preview:large, max-video-preview:-1\" \/>\n<link rel=\"canonical\" href=\"https:\/\/devomech.com\/de\/zertifizierungen\/iso-270012013-zertifiziert\/\" \/>\n<meta property=\"og:locale\" content=\"de_DE\" \/>\n<meta property=\"og:type\" content=\"article\" \/>\n<meta property=\"og:title\" content=\"ISO 27001:2013 zertifiziert - Devomech Solutions\" \/>\n<meta property=\"og:description\" content=\"Wir sind jetzt ISO 27001:2013 zertifiziertWir freuen uns, Ihnen mitteilen zu k\u00f6nnen, dass Devomech Solutions die prestigetr\u00e4chtige ISO 27001:2013-Zertifizierung erhalten hat, was unser Engagement f\u00fcr das Informationssicherheitsmanagement unterstreicht. Der Zertifizierungsprozess umfasste eine gr\u00fcndliche Pr\u00fcfung durch eine akkreditierte Zertifizierungsstelle, bei der unser Informationssicherheitsmanagementsystem, unsere Richtlinien, Verfahren und Kontrollen \u00fcberpr\u00fcft wurden. Wir sind stolz, Ihnen mitteilen zu k\u00f6nnen, dass sich unsere Bem\u00fchungen ausgezahlt haben und wir alle Anforderungen der Norm erfolgreich erf\u00fcllt haben, ohne dass Abweichungen festgestellt wurden. Die ISO 27001:2013-Zertifizierung zeigt unser Engagement f\u00fcr die Umsetzung und kontinuierliche Verbesserung unserer Informationssicherheitsmanagementpraktiken. Mit dieser Zertifizierung versichern wir unseren Kunden, dass ihre Daten bei uns sicher sind und dass wir \u00fcber die notwendigen Prozesse und Kontrollen verf\u00fcgen, um Risiken zu mindern und Sicherheitsverletzungen zu verhindern. Bei Devomech Solutions sind wir bestrebt, qualitativ hochwertige Dienstleistungen anzubieten und gleichzeitig ein H\u00f6chstma\u00df an Sicherheit f\u00fcr unsere Kunden zu gew\u00e4hrleisten. Unsere ISO 27001:2013-Zertifizierung ist ein Beweis f\u00fcr unser Engagement f\u00fcr Sicherheit und Qualit\u00e4t, und wir werden diesen Werten bei allem, was wir tun, weiterhin Priorit\u00e4t einr\u00e4umen.Sprechen Sie uns an und lassen Sie uns gemeinsam innovative L\u00f6sungen finden!\" \/>\n<meta property=\"og:url\" content=\"https:\/\/devomech.com\/de\/zertifizierungen\/iso-270012013-zertifiziert\/\" \/>\n<meta property=\"og:site_name\" content=\"Devomech Solutions\" \/>\n<meta property=\"article:publisher\" content=\"https:\/\/www.facebook.com\/devomech\/\" \/>\n<meta property=\"article:modified_time\" content=\"2024-08-02T20:13:03+00:00\" \/>\n<meta name=\"twitter:card\" content=\"summary_large_image\" \/>\n<meta name=\"twitter:site\" content=\"@devomech\" \/>\n<meta name=\"twitter:label1\" content=\"Gesch\u00e4tzte Lesezeit\" \/>\n\t<meta name=\"twitter:data1\" content=\"4\u00a0Minuten\" \/>\n<script type=\"application\/ld+json\" class=\"yoast-schema-graph\">{\"@context\":\"https:\\\/\\\/schema.org\",\"@graph\":[{\"@type\":\"WebPage\",\"@id\":\"https:\\\/\\\/devomech.com\\\/de\\\/zertifizierungen\\\/iso-270012013-zertifiziert\\\/\",\"url\":\"https:\\\/\\\/devomech.com\\\/de\\\/zertifizierungen\\\/iso-270012013-zertifiziert\\\/\",\"name\":\"ISO 27001:2013 zertifiziert - Devomech Solutions\",\"isPartOf\":{\"@id\":\"https:\\\/\\\/devomech.com\\\/de\\\/#website\"},\"datePublished\":\"2024-04-21T19:11:46+00:00\",\"dateModified\":\"2024-08-02T20:13:03+00:00\",\"breadcrumb\":{\"@id\":\"https:\\\/\\\/devomech.com\\\/de\\\/zertifizierungen\\\/iso-270012013-zertifiziert\\\/#breadcrumb\"},\"inLanguage\":\"de\",\"potentialAction\":[{\"@type\":\"ReadAction\",\"target\":[\"https:\\\/\\\/devomech.com\\\/de\\\/zertifizierungen\\\/iso-270012013-zertifiziert\\\/\"]}]},{\"@type\":\"BreadcrumbList\",\"@id\":\"https:\\\/\\\/devomech.com\\\/de\\\/zertifizierungen\\\/iso-270012013-zertifiziert\\\/#breadcrumb\",\"itemListElement\":[{\"@type\":\"ListItem\",\"position\":1,\"name\":\"Home\",\"item\":\"https:\\\/\\\/devomech.com\\\/de\\\/\"},{\"@type\":\"ListItem\",\"position\":2,\"name\":\"Zertifizierungen\",\"item\":\"https:\\\/\\\/devomech.com\\\/de\\\/zertifizierungen\\\/\"},{\"@type\":\"ListItem\",\"position\":3,\"name\":\"ISO 27001:2013 zertifiziert\"}]},{\"@type\":\"WebSite\",\"@id\":\"https:\\\/\\\/devomech.com\\\/de\\\/#website\",\"url\":\"https:\\\/\\\/devomech.com\\\/de\\\/\",\"name\":\"Devomech Solutions\",\"description\":\"Angetrieben von Werten\",\"alternateName\":\"Devomech Solutions\",\"potentialAction\":[{\"@type\":\"SearchAction\",\"target\":{\"@type\":\"EntryPoint\",\"urlTemplate\":\"https:\\\/\\\/devomech.com\\\/de\\\/?s={search_term_string}\"},\"query-input\":{\"@type\":\"PropertyValueSpecification\",\"valueRequired\":true,\"valueName\":\"search_term_string\"}}],\"inLanguage\":\"de\"}]}<\/script>\n<!-- \/ Yoast SEO plugin. -->","yoast_head_json":{"title":"ISO 27001:2013 zertifiziert - Devomech Solutions","robots":{"index":"index","follow":"follow","max-snippet":"max-snippet:-1","max-image-preview":"max-image-preview:large","max-video-preview":"max-video-preview:-1"},"canonical":"https:\/\/devomech.com\/de\/zertifizierungen\/iso-270012013-zertifiziert\/","og_locale":"de_DE","og_type":"article","og_title":"ISO 27001:2013 zertifiziert - Devomech Solutions","og_description":"Wir sind jetzt ISO 27001:2013 zertifiziertWir freuen uns, Ihnen mitteilen zu k\u00f6nnen, dass Devomech Solutions die prestigetr\u00e4chtige ISO 27001:2013-Zertifizierung erhalten hat, was unser Engagement f\u00fcr das Informationssicherheitsmanagement unterstreicht. Der Zertifizierungsprozess umfasste eine gr\u00fcndliche Pr\u00fcfung durch eine akkreditierte Zertifizierungsstelle, bei der unser Informationssicherheitsmanagementsystem, unsere Richtlinien, Verfahren und Kontrollen \u00fcberpr\u00fcft wurden. Wir sind stolz, Ihnen mitteilen zu k\u00f6nnen, dass sich unsere Bem\u00fchungen ausgezahlt haben und wir alle Anforderungen der Norm erfolgreich erf\u00fcllt haben, ohne dass Abweichungen festgestellt wurden. Die ISO 27001:2013-Zertifizierung zeigt unser Engagement f\u00fcr die Umsetzung und kontinuierliche Verbesserung unserer Informationssicherheitsmanagementpraktiken. Mit dieser Zertifizierung versichern wir unseren Kunden, dass ihre Daten bei uns sicher sind und dass wir \u00fcber die notwendigen Prozesse und Kontrollen verf\u00fcgen, um Risiken zu mindern und Sicherheitsverletzungen zu verhindern. Bei Devomech Solutions sind wir bestrebt, qualitativ hochwertige Dienstleistungen anzubieten und gleichzeitig ein H\u00f6chstma\u00df an Sicherheit f\u00fcr unsere Kunden zu gew\u00e4hrleisten. Unsere ISO 27001:2013-Zertifizierung ist ein Beweis f\u00fcr unser Engagement f\u00fcr Sicherheit und Qualit\u00e4t, und wir werden diesen Werten bei allem, was wir tun, weiterhin Priorit\u00e4t einr\u00e4umen.Sprechen Sie uns an und lassen Sie uns gemeinsam innovative L\u00f6sungen finden!","og_url":"https:\/\/devomech.com\/de\/zertifizierungen\/iso-270012013-zertifiziert\/","og_site_name":"Devomech Solutions","article_publisher":"https:\/\/www.facebook.com\/devomech\/","article_modified_time":"2024-08-02T20:13:03+00:00","twitter_card":"summary_large_image","twitter_site":"@devomech","twitter_misc":{"Gesch\u00e4tzte Lesezeit":"4\u00a0Minuten"},"schema":{"@context":"https:\/\/schema.org","@graph":[{"@type":"WebPage","@id":"https:\/\/devomech.com\/de\/zertifizierungen\/iso-270012013-zertifiziert\/","url":"https:\/\/devomech.com\/de\/zertifizierungen\/iso-270012013-zertifiziert\/","name":"ISO 27001:2013 zertifiziert - Devomech Solutions","isPartOf":{"@id":"https:\/\/devomech.com\/de\/#website"},"datePublished":"2024-04-21T19:11:46+00:00","dateModified":"2024-08-02T20:13:03+00:00","breadcrumb":{"@id":"https:\/\/devomech.com\/de\/zertifizierungen\/iso-270012013-zertifiziert\/#breadcrumb"},"inLanguage":"de","potentialAction":[{"@type":"ReadAction","target":["https:\/\/devomech.com\/de\/zertifizierungen\/iso-270012013-zertifiziert\/"]}]},{"@type":"BreadcrumbList","@id":"https:\/\/devomech.com\/de\/zertifizierungen\/iso-270012013-zertifiziert\/#breadcrumb","itemListElement":[{"@type":"ListItem","position":1,"name":"Home","item":"https:\/\/devomech.com\/de\/"},{"@type":"ListItem","position":2,"name":"Zertifizierungen","item":"https:\/\/devomech.com\/de\/zertifizierungen\/"},{"@type":"ListItem","position":3,"name":"ISO 27001:2013 zertifiziert"}]},{"@type":"WebSite","@id":"https:\/\/devomech.com\/de\/#website","url":"https:\/\/devomech.com\/de\/","name":"Devomech Solutions","description":"Angetrieben von Werten","alternateName":"Devomech Solutions","potentialAction":[{"@type":"SearchAction","target":{"@type":"EntryPoint","urlTemplate":"https:\/\/devomech.com\/de\/?s={search_term_string}"},"query-input":{"@type":"PropertyValueSpecification","valueRequired":true,"valueName":"search_term_string"}}],"inLanguage":"de"}]}},"_links":{"self":[{"href":"https:\/\/devomech.com\/de\/wp-json\/wp\/v2\/pages\/232249","targetHints":{"allow":["GET"]}}],"collection":[{"href":"https:\/\/devomech.com\/de\/wp-json\/wp\/v2\/pages"}],"about":[{"href":"https:\/\/devomech.com\/de\/wp-json\/wp\/v2\/types\/page"}],"author":[{"embeddable":true,"href":"https:\/\/devomech.com\/de\/wp-json\/wp\/v2\/users\/6"}],"replies":[{"embeddable":true,"href":"https:\/\/devomech.com\/de\/wp-json\/wp\/v2\/comments?post=232249"}],"version-history":[{"count":0,"href":"https:\/\/devomech.com\/de\/wp-json\/wp\/v2\/pages\/232249\/revisions"}],"up":[{"embeddable":true,"href":"https:\/\/devomech.com\/de\/wp-json\/wp\/v2\/pages\/232148"}],"wp:attachment":[{"href":"https:\/\/devomech.com\/de\/wp-json\/wp\/v2\/media?parent=232249"}],"curies":[{"name":"wp","href":"https:\/\/api.w.org\/{rel}","templated":true}]}}