{"id":232252,"date":"2024-04-21T19:25:33","date_gmt":"2024-04-21T19:25:33","guid":{"rendered":"https:\/\/devomech.com\/zertifizierungen\/iso-90012015-zertifiziert\/"},"modified":"2024-08-02T20:13:18","modified_gmt":"2024-08-02T20:13:18","slug":"iso-90012015-zertifiziert","status":"publish","type":"page","link":"https:\/\/devomech.com\/de\/zertifizierungen\/iso-90012015-zertifiziert\/","title":{"rendered":"ISO 9001:2015 zertifiziert"},"content":{"rendered":"<p>[et_pb_section fb_built=&#8220;1&#8243; admin_label=&#8220;Hero Section&#8220; _builder_version=&#8220;4.25.1&#8243; _module_preset=&#8220;default&#8220; background_image=&#8220;https:\/\/devomech.com\/wp-content\/uploads\/2024\/04\/iso-cvr.png&#8220; background_enable_video_mp4=&#8220;off&#8220; width=&#8220;100%&#8220; max_width=&#8220;1920px&#8220; module_alignment=&#8220;center&#8220; height=&#8220;500px&#8220; height_tablet=&#8220;500px&#8220; height_phone=&#8220;500px&#8220; height_last_edited=&#8220;on|desktop&#8220; custom_padding=&#8220;||||true|false&#8220; custom_css_before=&#8220; content:%22%22;||    display: block;||    position: absolute;||    top: 0;||    left: 0;||    width: 100%;||    height: 100%;||    background-color:background: rgba(8, 35, 60, 0.63);||    z-index: 9;&#8220; custom_css_main_element=&#8220;display:flex;||flex-direction:column;&#8220; locked=&#8220;off&#8220; collapsed=&#8220;on&#8220; global_colors_info=&#8220;{}&#8220;][et_pb_row column_structure=&#8220;1_3,2_3&#8243; use_custom_gutter=&#8220;on&#8220; make_equal=&#8220;on&#8220; module_class=&#8220;reverse&#8220; _builder_version=&#8220;4.26.0&#8243; _module_preset=&#8220;default&#8220; z_index=&#8220;10&#8243; width=&#8220;100%&#8220; max_width=&#8220;95%&#8220; global_colors_info=&#8220;{}&#8220;][et_pb_column type=&#8220;1_3&#8243; _builder_version=&#8220;4.25.0&#8243; _module_preset=&#8220;default&#8220; custom_css_main_element=&#8220;margin:auto&#8220; global_colors_info=&#8220;{}&#8220;][et_pb_image src=&#8220;https:\/\/devomech.com\/wp-content\/uploads\/2024\/04\/iso-9001-2015-p.png&#8220; title_text=&#8220;iso 9001-2015-p&#8220; align=&#8220;right&#8220; align_tablet=&#8220;center&#8220; align_phone=&#8220;center&#8220; align_last_edited=&#8220;on|tablet&#8220; _builder_version=&#8220;4.26.0&#8243; _module_preset=&#8220;default&#8220; global_colors_info=&#8220;{}&#8220;][\/et_pb_image][\/et_pb_column][et_pb_column type=&#8220;2_3&#8243; _builder_version=&#8220;4.25.1&#8243; _module_preset=&#8220;default&#8220; custom_css_main_element=&#8220;margin:auto;&#8220; global_colors_info=&#8220;{}&#8220;][et_pb_text _builder_version=&#8220;4.26.0&#8243; _module_preset=&#8220;default&#8220; text_text_color=&#8220;#FFFFFF&#8220; text_font_size=&#8220;32px&#8220; text_line_height=&#8220;130%&#8220; header_font=&#8220;Roboto|700|||||||&#8220; header_text_align=&#8220;left&#8220; header_text_color=&#8220;#FFFFFF&#8220; header_font_size=&#8220;80px&#8220; header_line_height=&#8220;100%&#8220; text_orientation=&#8220;center&#8220; custom_margin=&#8220;0px||0px||false|false&#8220; custom_margin_tablet=&#8220;0px||0px||false|false&#8220; custom_margin_phone=&#8220;0px||0px||false|false&#8220; custom_margin_last_edited=&#8220;on|tablet&#8220; custom_padding=&#8220;||||false|false&#8220; hover_enabled=&#8220;0&#8243; header_font_size_tablet=&#8220;50px&#8220; header_font_size_phone=&#8220;40px&#8220; header_font_size_last_edited=&#8220;on|phone&#8220; custom_css_main_element=&#8220;font-weight: 400;&#8220; global_colors_info=&#8220;{}&#8220; header_text_align_last_edited=&#8220;on|desktop&#8220; sticky_enabled=&#8220;0&#8243; header_text_align_tablet=&#8220;center&#8220; header_text_align_phone=&#8220;center&#8220;]<\/p>\n<h1>Wir sind jetzt ISO 9001:2015 zertifiziert<\/h1>\n<p>[\/et_pb_text][\/et_pb_column][\/et_pb_row][\/et_pb_section][et_pb_section fb_built=&#8220;1&#8243; admin_label=&#8220;Service Section&#8220; _builder_version=&#8220;4.25.1&#8243; _module_preset=&#8220;default&#8220; width=&#8220;100%&#8220; max_width=&#8220;1920px&#8220; module_alignment=&#8220;center&#8220; custom_padding=&#8220;40px||20px||false|false&#8220; locked=&#8220;off&#8220; collapsed=&#8220;on&#8220; global_colors_info=&#8220;{}&#8220;][et_pb_row _builder_version=&#8220;4.24.2&#8243; _module_preset=&#8220;default&#8220; width=&#8220;85%&#8220; max_width=&#8220;1920px&#8220; module_alignment=&#8220;center&#8220; custom_padding=&#8220;20px||20px||true|false&#8220; global_colors_info=&#8220;{}&#8220;][et_pb_column type=&#8220;4_4&#8243; _builder_version=&#8220;4.24.2&#8243; _module_preset=&#8220;default&#8220; global_colors_info=&#8220;{}&#8220;][et_pb_text _builder_version=&#8220;4.25.0&#8243; _module_preset=&#8220;default&#8220; text_font=&#8220;Roboto||||||||&#8220; text_text_color=&#8220;#2e2e2e&#8220; text_font_size=&#8220;18px&#8220; text_line_height=&#8220;133%&#8220; custom_margin=&#8220;||||false|false&#8220; custom_padding=&#8220;||||false|false&#8220; text_font_size_tablet=&#8220;18px&#8220; text_font_size_phone=&#8220;16px&#8220; text_font_size_last_edited=&#8220;on|phone&#8220; custom_css_main_element=&#8220;font-weight: 400;||&#8220; global_colors_info=&#8220;{}&#8220;]<\/p>\n<p>Wir freuen uns, Ihnen mitteilen zu k\u00f6nnen, dass Devomech Solutions offiziell die ISO 9001:2015 Zertifizierung erhalten hat.<\/p>\n<p>Mit dieser Zertifizierung haben wir uns verpflichtet, unsere Gesamtleistung zu verbessern, hohe Qualit\u00e4tsstandards zu wahren und eine solide Grundlage f\u00fcr eine zuverl\u00e4ssige Entwicklung zu schaffen. Der Bewertungsprozess umfasste eine Bewertung unseres Qualit\u00e4tsmanagementsystems, eine \u00dcberpr\u00fcfung der Dokumentation und ein Audit unserer Prozesse und der Einhaltung der Vorschriften, wobei keine Abweichungen festgestellt wurden.<\/p>\n<p>Die ISO 9001:2015-Zertifizierung beweist, dass wir \u00fcber robuste, klar definierte Verfahren in allen Gesch\u00e4ftsbereichen verf\u00fcgen, einschlie\u00dflich Forschung und Entwicklung, Produktion, Risikomanagement, Dokumenten- und Datenhandhabung sowie starke Gesch\u00e4ftskontinuit\u00e4tsprozesse.<\/p>\n<p>Wir bei Devomech Solutions arbeiten mit Blick auf Qualit\u00e4t und Transparenz und stellen uns der st\u00e4ndigen Herausforderung, unser Qualit\u00e4tsmanagementsystem zu verbessern, um die Erwartungen unserer Kunden zu \u00fcbertreffen.<\/p>\n<p>[\/et_pb_text][\/et_pb_column][\/et_pb_row][\/et_pb_section][et_pb_section fb_built=&#8220;1&#8243; admin_label=&#8220;Call To Action&#8220; _builder_version=&#8220;4.25.1&#8243; _module_preset=&#8220;default&#8220; width=&#8220;100%&#8220; max_width=&#8220;1920px&#8220; module_alignment=&#8220;center&#8220; custom_padding=&#8220;60px||20px||false|false&#8220; locked=&#8220;off&#8220; collapsed=&#8220;on&#8220; global_colors_info=&#8220;{}&#8220;][et_pb_row _builder_version=&#8220;4.25.1&#8243; _module_preset=&#8220;default&#8220; width=&#8220;85%&#8220; max_width=&#8220;1920px&#8220; module_alignment=&#8220;center&#8220; global_colors_info=&#8220;{}&#8220;][et_pb_column type=&#8220;4_4&#8243; _builder_version=&#8220;4.24.2&#8243; _module_preset=&#8220;default&#8220; background_color=&#8220;#07243e&#8220; custom_padding=&#8220;20px|20px|20px|20px|true|true&#8220; global_colors_info=&#8220;{}&#8220;][et_pb_cta title=&#8220;HABEN SIE FRAGEN? WIR SIND HIER, UM ZU HELFEN&#8220; button_url=&#8220;https:\/\/devomech.com\/de\/kontakt\/&#8220; button_text=&#8220;Kontakt aufnehmen&#8220; _builder_version=&#8220;4.25.1&#8243; _module_preset=&#8220;default&#8220; header_font=&#8220;Roboto|700||on|||||&#8220; header_text_color=&#8220;#07243e&#8220; header_font_size=&#8220;32px&#8220; body_font=&#8220;Roboto||||||||&#8220; body_text_color=&#8220;#07243e&#8220; body_font_size=&#8220;18px&#8220; background_color=&#8220;#f4f4f4&#8243; custom_button=&#8220;on&#8220; button_text_size=&#8220;18px&#8220; button_text_color=&#8220;#07243e&#8220; button_border_width=&#8220;1px&#8220; button_border_color=&#8220;#07243e&#8220; button_border_radius=&#8220;0px&#8220; custom_margin=&#8220;-60px||||false|false&#8220; header_font_size_tablet=&#8220;26px&#8220; header_font_size_phone=&#8220;26px&#8220; header_font_size_last_edited=&#8220;on|tablet&#8220; custom_css_main_element=&#8220;font-weight:400;&#8220; global_colors_info=&#8220;{}&#8220;]<\/p>\n<p>Sprechen Sie uns an und lassen Sie uns gemeinsam innovative L\u00f6sungen finden!<\/p>\n<p>[\/et_pb_cta][\/et_pb_column][\/et_pb_row][\/et_pb_section]<\/p>\n","protected":false},"excerpt":{"rendered":"<p>Wir sind jetzt ISO 9001:2015 zertifiziertWir freuen uns, Ihnen mitteilen zu k\u00f6nnen, dass Devomech Solutions offiziell die ISO 9001:2015 Zertifizierung erhalten hat. Mit dieser Zertifizierung haben wir uns verpflichtet, unsere Gesamtleistung zu verbessern, hohe Qualit\u00e4tsstandards zu wahren und eine solide Grundlage f\u00fcr eine zuverl\u00e4ssige Entwicklung zu schaffen. Der Bewertungsprozess umfasste eine Bewertung unseres Qualit\u00e4tsmanagementsystems, eine \u00dcberpr\u00fcfung der Dokumentation und ein Audit unserer Prozesse und der Einhaltung der Vorschriften, wobei keine Abweichungen festgestellt wurden. Die ISO 9001:2015-Zertifizierung beweist, dass wir \u00fcber robuste, klar definierte Verfahren in allen Gesch\u00e4ftsbereichen verf\u00fcgen, einschlie\u00dflich Forschung und Entwicklung, Produktion, Risikomanagement, Dokumenten- und Datenhandhabung sowie starke Gesch\u00e4ftskontinuit\u00e4tsprozesse. Wir bei Devomech Solutions arbeiten mit Blick auf Qualit\u00e4t und Transparenz und stellen uns der st\u00e4ndigen Herausforderung, unser Qualit\u00e4tsmanagementsystem zu verbessern, um die Erwartungen unserer Kunden zu \u00fcbertreffen.Sprechen Sie uns an und lassen Sie uns gemeinsam innovative L\u00f6sungen finden!<\/p>\n","protected":false},"author":6,"featured_media":0,"parent":232148,"menu_order":1,"comment_status":"closed","ping_status":"closed","template":"","meta":{"_et_pb_use_builder":"on","_et_pb_old_content":"","_et_gb_content_width":"","footnotes":""},"class_list":["post-232252","page","type-page","status-publish","hentry"],"yoast_head":"<!-- This site is optimized with the Yoast SEO plugin v27.3 - https:\/\/yoast.com\/product\/yoast-seo-wordpress\/ -->\n<title>ISO 9001:2015 zertifiziert - Devomech Solutions<\/title>\n<meta name=\"robots\" content=\"index, follow, max-snippet:-1, max-image-preview:large, max-video-preview:-1\" \/>\n<link rel=\"canonical\" href=\"https:\/\/devomech.com\/de\/zertifizierungen\/iso-90012015-zertifiziert\/\" \/>\n<meta property=\"og:locale\" content=\"de_DE\" \/>\n<meta property=\"og:type\" content=\"article\" \/>\n<meta property=\"og:title\" content=\"ISO 9001:2015 zertifiziert - Devomech Solutions\" \/>\n<meta property=\"og:description\" content=\"Wir sind jetzt ISO 9001:2015 zertifiziertWir freuen uns, Ihnen mitteilen zu k\u00f6nnen, dass Devomech Solutions offiziell die ISO 9001:2015 Zertifizierung erhalten hat. Mit dieser Zertifizierung haben wir uns verpflichtet, unsere Gesamtleistung zu verbessern, hohe Qualit\u00e4tsstandards zu wahren und eine solide Grundlage f\u00fcr eine zuverl\u00e4ssige Entwicklung zu schaffen. Der Bewertungsprozess umfasste eine Bewertung unseres Qualit\u00e4tsmanagementsystems, eine \u00dcberpr\u00fcfung der Dokumentation und ein Audit unserer Prozesse und der Einhaltung der Vorschriften, wobei keine Abweichungen festgestellt wurden. Die ISO 9001:2015-Zertifizierung beweist, dass wir \u00fcber robuste, klar definierte Verfahren in allen Gesch\u00e4ftsbereichen verf\u00fcgen, einschlie\u00dflich Forschung und Entwicklung, Produktion, Risikomanagement, Dokumenten- und Datenhandhabung sowie starke Gesch\u00e4ftskontinuit\u00e4tsprozesse. Wir bei Devomech Solutions arbeiten mit Blick auf Qualit\u00e4t und Transparenz und stellen uns der st\u00e4ndigen Herausforderung, unser Qualit\u00e4tsmanagementsystem zu verbessern, um die Erwartungen unserer Kunden zu \u00fcbertreffen.Sprechen Sie uns an und lassen Sie uns gemeinsam innovative L\u00f6sungen finden!\" \/>\n<meta property=\"og:url\" content=\"https:\/\/devomech.com\/de\/zertifizierungen\/iso-90012015-zertifiziert\/\" \/>\n<meta property=\"og:site_name\" content=\"Devomech Solutions\" \/>\n<meta property=\"article:publisher\" content=\"https:\/\/www.facebook.com\/devomech\/\" \/>\n<meta property=\"article:modified_time\" content=\"2024-08-02T20:13:18+00:00\" \/>\n<meta name=\"twitter:card\" content=\"summary_large_image\" \/>\n<meta name=\"twitter:site\" content=\"@devomech\" \/>\n<meta name=\"twitter:label1\" content=\"Gesch\u00e4tzte Lesezeit\" \/>\n\t<meta name=\"twitter:data1\" content=\"4\u00a0Minuten\" \/>\n<script type=\"application\/ld+json\" class=\"yoast-schema-graph\">{\"@context\":\"https:\\\/\\\/schema.org\",\"@graph\":[{\"@type\":\"WebPage\",\"@id\":\"https:\\\/\\\/devomech.com\\\/de\\\/zertifizierungen\\\/iso-90012015-zertifiziert\\\/\",\"url\":\"https:\\\/\\\/devomech.com\\\/de\\\/zertifizierungen\\\/iso-90012015-zertifiziert\\\/\",\"name\":\"ISO 9001:2015 zertifiziert - Devomech Solutions\",\"isPartOf\":{\"@id\":\"https:\\\/\\\/devomech.com\\\/de\\\/#website\"},\"datePublished\":\"2024-04-21T19:25:33+00:00\",\"dateModified\":\"2024-08-02T20:13:18+00:00\",\"breadcrumb\":{\"@id\":\"https:\\\/\\\/devomech.com\\\/de\\\/zertifizierungen\\\/iso-90012015-zertifiziert\\\/#breadcrumb\"},\"inLanguage\":\"de\",\"potentialAction\":[{\"@type\":\"ReadAction\",\"target\":[\"https:\\\/\\\/devomech.com\\\/de\\\/zertifizierungen\\\/iso-90012015-zertifiziert\\\/\"]}]},{\"@type\":\"BreadcrumbList\",\"@id\":\"https:\\\/\\\/devomech.com\\\/de\\\/zertifizierungen\\\/iso-90012015-zertifiziert\\\/#breadcrumb\",\"itemListElement\":[{\"@type\":\"ListItem\",\"position\":1,\"name\":\"Home\",\"item\":\"https:\\\/\\\/devomech.com\\\/de\\\/\"},{\"@type\":\"ListItem\",\"position\":2,\"name\":\"Zertifizierungen\",\"item\":\"https:\\\/\\\/devomech.com\\\/de\\\/zertifizierungen\\\/\"},{\"@type\":\"ListItem\",\"position\":3,\"name\":\"ISO 9001:2015 zertifiziert\"}]},{\"@type\":\"WebSite\",\"@id\":\"https:\\\/\\\/devomech.com\\\/de\\\/#website\",\"url\":\"https:\\\/\\\/devomech.com\\\/de\\\/\",\"name\":\"Devomech Solutions\",\"description\":\"Angetrieben von Werten\",\"alternateName\":\"Devomech Solutions\",\"potentialAction\":[{\"@type\":\"SearchAction\",\"target\":{\"@type\":\"EntryPoint\",\"urlTemplate\":\"https:\\\/\\\/devomech.com\\\/de\\\/?s={search_term_string}\"},\"query-input\":{\"@type\":\"PropertyValueSpecification\",\"valueRequired\":true,\"valueName\":\"search_term_string\"}}],\"inLanguage\":\"de\"}]}<\/script>\n<!-- \/ Yoast SEO plugin. -->","yoast_head_json":{"title":"ISO 9001:2015 zertifiziert - Devomech Solutions","robots":{"index":"index","follow":"follow","max-snippet":"max-snippet:-1","max-image-preview":"max-image-preview:large","max-video-preview":"max-video-preview:-1"},"canonical":"https:\/\/devomech.com\/de\/zertifizierungen\/iso-90012015-zertifiziert\/","og_locale":"de_DE","og_type":"article","og_title":"ISO 9001:2015 zertifiziert - Devomech Solutions","og_description":"Wir sind jetzt ISO 9001:2015 zertifiziertWir freuen uns, Ihnen mitteilen zu k\u00f6nnen, dass Devomech Solutions offiziell die ISO 9001:2015 Zertifizierung erhalten hat. Mit dieser Zertifizierung haben wir uns verpflichtet, unsere Gesamtleistung zu verbessern, hohe Qualit\u00e4tsstandards zu wahren und eine solide Grundlage f\u00fcr eine zuverl\u00e4ssige Entwicklung zu schaffen. Der Bewertungsprozess umfasste eine Bewertung unseres Qualit\u00e4tsmanagementsystems, eine \u00dcberpr\u00fcfung der Dokumentation und ein Audit unserer Prozesse und der Einhaltung der Vorschriften, wobei keine Abweichungen festgestellt wurden. Die ISO 9001:2015-Zertifizierung beweist, dass wir \u00fcber robuste, klar definierte Verfahren in allen Gesch\u00e4ftsbereichen verf\u00fcgen, einschlie\u00dflich Forschung und Entwicklung, Produktion, Risikomanagement, Dokumenten- und Datenhandhabung sowie starke Gesch\u00e4ftskontinuit\u00e4tsprozesse. Wir bei Devomech Solutions arbeiten mit Blick auf Qualit\u00e4t und Transparenz und stellen uns der st\u00e4ndigen Herausforderung, unser Qualit\u00e4tsmanagementsystem zu verbessern, um die Erwartungen unserer Kunden zu \u00fcbertreffen.Sprechen Sie uns an und lassen Sie uns gemeinsam innovative L\u00f6sungen finden!","og_url":"https:\/\/devomech.com\/de\/zertifizierungen\/iso-90012015-zertifiziert\/","og_site_name":"Devomech Solutions","article_publisher":"https:\/\/www.facebook.com\/devomech\/","article_modified_time":"2024-08-02T20:13:18+00:00","twitter_card":"summary_large_image","twitter_site":"@devomech","twitter_misc":{"Gesch\u00e4tzte Lesezeit":"4\u00a0Minuten"},"schema":{"@context":"https:\/\/schema.org","@graph":[{"@type":"WebPage","@id":"https:\/\/devomech.com\/de\/zertifizierungen\/iso-90012015-zertifiziert\/","url":"https:\/\/devomech.com\/de\/zertifizierungen\/iso-90012015-zertifiziert\/","name":"ISO 9001:2015 zertifiziert - Devomech Solutions","isPartOf":{"@id":"https:\/\/devomech.com\/de\/#website"},"datePublished":"2024-04-21T19:25:33+00:00","dateModified":"2024-08-02T20:13:18+00:00","breadcrumb":{"@id":"https:\/\/devomech.com\/de\/zertifizierungen\/iso-90012015-zertifiziert\/#breadcrumb"},"inLanguage":"de","potentialAction":[{"@type":"ReadAction","target":["https:\/\/devomech.com\/de\/zertifizierungen\/iso-90012015-zertifiziert\/"]}]},{"@type":"BreadcrumbList","@id":"https:\/\/devomech.com\/de\/zertifizierungen\/iso-90012015-zertifiziert\/#breadcrumb","itemListElement":[{"@type":"ListItem","position":1,"name":"Home","item":"https:\/\/devomech.com\/de\/"},{"@type":"ListItem","position":2,"name":"Zertifizierungen","item":"https:\/\/devomech.com\/de\/zertifizierungen\/"},{"@type":"ListItem","position":3,"name":"ISO 9001:2015 zertifiziert"}]},{"@type":"WebSite","@id":"https:\/\/devomech.com\/de\/#website","url":"https:\/\/devomech.com\/de\/","name":"Devomech Solutions","description":"Angetrieben von Werten","alternateName":"Devomech Solutions","potentialAction":[{"@type":"SearchAction","target":{"@type":"EntryPoint","urlTemplate":"https:\/\/devomech.com\/de\/?s={search_term_string}"},"query-input":{"@type":"PropertyValueSpecification","valueRequired":true,"valueName":"search_term_string"}}],"inLanguage":"de"}]}},"_links":{"self":[{"href":"https:\/\/devomech.com\/de\/wp-json\/wp\/v2\/pages\/232252","targetHints":{"allow":["GET"]}}],"collection":[{"href":"https:\/\/devomech.com\/de\/wp-json\/wp\/v2\/pages"}],"about":[{"href":"https:\/\/devomech.com\/de\/wp-json\/wp\/v2\/types\/page"}],"author":[{"embeddable":true,"href":"https:\/\/devomech.com\/de\/wp-json\/wp\/v2\/users\/6"}],"replies":[{"embeddable":true,"href":"https:\/\/devomech.com\/de\/wp-json\/wp\/v2\/comments?post=232252"}],"version-history":[{"count":0,"href":"https:\/\/devomech.com\/de\/wp-json\/wp\/v2\/pages\/232252\/revisions"}],"up":[{"embeddable":true,"href":"https:\/\/devomech.com\/de\/wp-json\/wp\/v2\/pages\/232148"}],"wp:attachment":[{"href":"https:\/\/devomech.com\/de\/wp-json\/wp\/v2\/media?parent=232252"}],"curies":[{"name":"wp","href":"https:\/\/api.w.org\/{rel}","templated":true}]}}